





{"id":9768,"date":"2021-04-15T11:33:54","date_gmt":"2021-04-15T10:33:54","guid":{"rendered":"https:\/\/intrain.app\/wordpress\/?page_id=9768"},"modified":"2021-04-30T15:58:06","modified_gmt":"2021-04-30T14:58:06","slug":"nyitolap","status":"publish","type":"page","link":"https:\/\/intrain.app\/wordpress\/hu\/nyitolap\/","title":{"rendered":"Home"},"content":{"rendered":"\t\t<div data-elementor-type=\"wp-page\" data-elementor-id=\"9768\" class=\"elementor elementor-9768\">\n\t\t\t\t\t\t<div class=\"elementor-inner\">\n\t\t\t\t<div class=\"elementor-section-wrap\">\n\t\t\t\t\t\t\t\t\t<section class=\"elementor-section elementor-top-section elementor-element elementor-element-c900403 elementor-section-full_width elementor-section-height-default elementor-section-height-default\" data-id=\"c900403\" data-element_type=\"section\" data-settings=\"{&quot;background_background&quot;:&quot;classic&quot;}\">\n\t\t\t\t\t\t<div class=\"elementor-container elementor-column-gap-no\">\n\t\t\t\t\t\t\t<div class=\"elementor-row\">\n\t\t\t\t\t<div class=\"elementor-column elementor-col-33 elementor-top-column elementor-element elementor-element-f0f0fe0\" data-id=\"f0f0fe0\" data-element_type=\"column\" data-settings=\"{&quot;background_background&quot;:&quot;classic&quot;}\">\n\t\t\t<div class=\"elementor-column-wrap elementor-element-populated\">\n\t\t\t\t\t\t\t<div class=\"elementor-widget-wrap\">\n\t\t\t\t\t\t<div class=\"elementor-element elementor-element-a588d3a elementor-widget elementor-widget-image\" data-id=\"a588d3a\" data-element_type=\"widget\" data-widget_type=\"image.default\">\n\t\t\t\t<div class=\"elementor-widget-container\">\n\t\t\t\t\t\t\t\t<div class=\"elementor-image\">\n\t\t\t\t\t\t\t\t\t\t\t\t<img width=\"768\" height=\"1197\" src=\"https:\/\/intrain.app\/wordpress\/wp-content\/uploads\/2021\/04\/nathan-dumlao-4_mJ1TbMK8A-unsplash-scaled-1200x1800-2-768x1197.jpg\" class=\"attachment-medium_large size-medium_large\" alt=\"\" loading=\"lazy\" srcset=\"https:\/\/intrain.app\/wordpress\/wp-content\/uploads\/2021\/04\/nathan-dumlao-4_mJ1TbMK8A-unsplash-scaled-1200x1800-2-768x1197.jpg 768w, https:\/\/intrain.app\/wordpress\/wp-content\/uploads\/2021\/04\/nathan-dumlao-4_mJ1TbMK8A-unsplash-scaled-1200x1800-2-192x300.jpg 192w, https:\/\/intrain.app\/wordpress\/wp-content\/uploads\/2021\/04\/nathan-dumlao-4_mJ1TbMK8A-unsplash-scaled-1200x1800-2-657x1024.jpg 657w, https:\/\/intrain.app\/wordpress\/wp-content\/uploads\/2021\/04\/nathan-dumlao-4_mJ1TbMK8A-unsplash-scaled-1200x1800-2-985x1536.jpg 985w, https:\/\/intrain.app\/wordpress\/wp-content\/uploads\/2021\/04\/nathan-dumlao-4_mJ1TbMK8A-unsplash-scaled-1200x1800-2.jpg 1200w\" sizes=\"(max-width: 768px) 100vw, 768px\" \/>\t\t\t\t\t\t\t\t\t\t\t\t\t\t<\/div>\n\t\t\t\t\t\t<\/div>\n\t\t\t\t<\/div>\n\t\t\t\t<div class=\"elementor-element elementor-element-c9b0f7c elementor-widget elementor-widget-text-editor\" data-id=\"c9b0f7c\" data-element_type=\"widget\" data-widget_type=\"text-editor.default\">\n\t\t\t\t<div class=\"elementor-widget-container\">\n\t\t\t\t\t\t\t\t<div class=\"elementor-text-editor elementor-clearfix\">\n\t\t\t\tsz\u00fcl\u0151k \t\t\t\t\t<\/div>\n\t\t\t\t\t\t<\/div>\n\t\t\t\t<\/div>\n\t\t\t\t<div class=\"elementor-element elementor-element-552a6d9 elementor-widget elementor-widget-text-editor\" data-id=\"552a6d9\" data-element_type=\"widget\" data-widget_type=\"text-editor.default\">\n\t\t\t\t<div class=\"elementor-widget-container\">\n\t\t\t\t\t\t\t\t<div class=\"elementor-text-editor elementor-clearfix\">\n\t\t\t\t<p>Az Intrain alkalmaz\u00e1s nagyszer\u0171 a sz\u00fcl\u0151k sz\u00e1m\u00e1ra, hiszen egy olyan digit\u00e1lis jegyzetf\u00fczetet kapnak, melyben a gyerekeik \u00f6sszes sporttal kapcsolatos dolgait megtal\u00e1lj\u00e1k: esem\u00e9nyek menetrendje, teljes\u00edtm\u00e9ny-visszajelz\u00e9sek, \u00fczenetv\u00e1lt\u00e1s az edz\u0151kkel, stb. Mindez egy helyen.<\/p>\t\t\t\t\t<\/div>\n\t\t\t\t\t\t<\/div>\n\t\t\t\t<\/div>\n\t\t\t\t<div class=\"elementor-element elementor-element-6945669 elementor-align-center elementor-widget elementor-widget-button\" data-id=\"6945669\" data-element_type=\"widget\" data-widget_type=\"button.default\">\n\t\t\t\t<div class=\"elementor-widget-container\">\n\t\t\t\t\t<div class=\"elementor-button-wrapper\">\n\t\t\t<a href=\"\/wordpress\/hu\/szuloknek\/\" class=\"elementor-button-link elementor-button elementor-size-sm\" role=\"button\">\n\t\t\t\t\t\t<span class=\"elementor-button-content-wrapper\">\n\t\t\t\t\t\t<span class=\"elementor-button-text\">Olvass tov\u00e1bb...<\/span>\n\t\t<\/span>\n\t\t\t\t\t<\/a>\n\t\t<\/div>\n\t\t\t\t<\/div>\n\t\t\t\t<\/div>\n\t\t\t\t\t\t<\/div>\n\t\t\t\t\t<\/div>\n\t\t<\/div>\n\t\t\t\t<div class=\"elementor-column elementor-col-33 elementor-top-column elementor-element elementor-element-4599ce4\" data-id=\"4599ce4\" data-element_type=\"column\" data-settings=\"{&quot;background_background&quot;:&quot;classic&quot;}\">\n\t\t\t<div class=\"elementor-column-wrap elementor-element-populated\">\n\t\t\t\t\t\t\t<div class=\"elementor-widget-wrap\">\n\t\t\t\t\t\t<div class=\"elementor-element elementor-element-22145ca elementor-widget elementor-widget-image\" data-id=\"22145ca\" data-element_type=\"widget\" data-widget_type=\"image.default\">\n\t\t\t\t<div class=\"elementor-widget-container\">\n\t\t\t\t\t\t\t\t<div class=\"elementor-image\">\n\t\t\t\t\t\t\t\t\t\t\t\t<img width=\"768\" height=\"1152\" src=\"https:\/\/intrain.app\/wordpress\/wp-content\/uploads\/2021\/04\/Coach_headsetIntrain-1.jpg\" class=\"attachment-medium_large size-medium_large\" alt=\"\" loading=\"lazy\" srcset=\"https:\/\/intrain.app\/wordpress\/wp-content\/uploads\/2021\/04\/Coach_headsetIntrain-1.jpg 768w, https:\/\/intrain.app\/wordpress\/wp-content\/uploads\/2021\/04\/Coach_headsetIntrain-1-200x300.jpg 200w, https:\/\/intrain.app\/wordpress\/wp-content\/uploads\/2021\/04\/Coach_headsetIntrain-1-683x1024.jpg 683w\" sizes=\"(max-width: 768px) 100vw, 768px\" \/>\t\t\t\t\t\t\t\t\t\t\t\t\t\t<\/div>\n\t\t\t\t\t\t<\/div>\n\t\t\t\t<\/div>\n\t\t\t\t<div class=\"elementor-element elementor-element-3dc54f7 elementor-widget elementor-widget-text-editor\" data-id=\"3dc54f7\" data-element_type=\"widget\" data-widget_type=\"text-editor.default\">\n\t\t\t\t<div class=\"elementor-widget-container\">\n\t\t\t\t\t\t\t\t<div class=\"elementor-text-editor elementor-clearfix\">\n\t\t\t\tedz\u0151k\t\t\t\t\t<\/div>\n\t\t\t\t\t\t<\/div>\n\t\t\t\t<\/div>\n\t\t\t\t<div class=\"elementor-element elementor-element-7a6a4e0 elementor-widget elementor-widget-text-editor\" data-id=\"7a6a4e0\" data-element_type=\"widget\" data-widget_type=\"text-editor.default\">\n\t\t\t\t<div class=\"elementor-widget-container\">\n\t\t\t\t\t\t\t\t<div class=\"elementor-text-editor elementor-clearfix\">\n\t\t\t\tAz edz\u0151k nagyszer\u0171ek a sportol\u00f3ik fejl\u0151d\u00e9s\u00e9nek k\u00f6vet\u00e9s\u00e9ben, \u00e9s ez az, ami lelkes\u00edti \u0151ket. Az Intrain alkalmaz\u00e1st haszn\u00e1lva teljes m\u00e9rt\u00e9kben a tehets\u00e9ges atl\u00e9t\u00e1ikra tudnak koncentr\u00e1lni, mi az \u00f6sszes adminisztr\u00e1ci\u00f3t elv\u00e9gezz\u00fck a h\u00e1tt\u00e9rben.<br>\u00c9szrev\u00e9tlen\u00fcl.\t\t\t\t\t<\/div>\n\t\t\t\t\t\t<\/div>\n\t\t\t\t<\/div>\n\t\t\t\t<div class=\"elementor-element elementor-element-923ea85 elementor-align-center elementor-widget elementor-widget-button\" data-id=\"923ea85\" data-element_type=\"widget\" data-widget_type=\"button.default\">\n\t\t\t\t<div class=\"elementor-widget-container\">\n\t\t\t\t\t<div class=\"elementor-button-wrapper\">\n\t\t\t<a href=\"\/wordpress\/hu\/edzoknek\/\" class=\"elementor-button-link elementor-button elementor-size-sm\" role=\"button\">\n\t\t\t\t\t\t<span class=\"elementor-button-content-wrapper\">\n\t\t\t\t\t\t<span class=\"elementor-button-text\">Olvass tov\u00e1bb...<\/span>\n\t\t<\/span>\n\t\t\t\t\t<\/a>\n\t\t<\/div>\n\t\t\t\t<\/div>\n\t\t\t\t<\/div>\n\t\t\t\t<div class=\"elementor-element elementor-element-14a0a07 elementor-widget elementor-widget-spacer\" data-id=\"14a0a07\" data-element_type=\"widget\" data-widget_type=\"spacer.default\">\n\t\t\t\t<div class=\"elementor-widget-container\">\n\t\t\t\t\t<div class=\"elementor-spacer\">\n\t\t\t<div class=\"elementor-spacer-inner\"><\/div>\n\t\t<\/div>\n\t\t\t\t<\/div>\n\t\t\t\t<\/div>\n\t\t\t\t<div class=\"elementor-element elementor-element-6f8b3dd elementor-widget elementor-widget-text-editor\" data-id=\"6f8b3dd\" data-element_type=\"widget\" data-widget_type=\"text-editor.default\">\n\t\t\t\t<div class=\"elementor-widget-container\">\n\t\t\t\t\t\t\t\t<div class=\"elementor-text-editor elementor-clearfix\">\n\t\t\t\t<p>Az Intrain t\u00f6bb, mint egy mobil edz\u0151 asszisztens alkalmaz\u00e1s. Megold\u00e1sunk z\u00f6kken\u0151mentesen szolg\u00e1lja 3 k\u00fcl\u00f6nb\u00f6z\u0151 csoportnak az ig\u00e9nyeit.<\/p><p>A sz\u00fcl\u0151k kapcsolatba l\u00e9pnek az edz\u0151kkel, \u00e9s k\u00f6zelr\u0151l megismerhetik gyermekeik sport\u00e9let\u00e9t, az edz\u0151k megszervezik napi feladataikat \u00e9s \u00e9rt\u00e9kelik a teljes\u00edtm\u00e9nyeket. Sz\u00f3 szerint ilyen egyszer\u0171.<\/p><p>A k\u00e9zn\u00e9l l\u00e9v\u0151 \u00f6sszes adat felhaszn\u00e1l\u00e1s\u00e1val a sportegyes\u00fcletek kihaszn\u00e1lhatj\u00e1k a &#8220;big data&#8221; erej\u00e9t.<\/p>\t\t\t\t\t<\/div>\n\t\t\t\t\t\t<\/div>\n\t\t\t\t<\/div>\n\t\t\t\t\t\t<\/div>\n\t\t\t\t\t<\/div>\n\t\t<\/div>\n\t\t\t\t<div class=\"elementor-column elementor-col-33 elementor-top-column elementor-element elementor-element-6b03141\" data-id=\"6b03141\" data-element_type=\"column\" data-settings=\"{&quot;background_background&quot;:&quot;classic&quot;}\">\n\t\t\t<div class=\"elementor-column-wrap elementor-element-populated\">\n\t\t\t\t\t\t\t<div class=\"elementor-widget-wrap\">\n\t\t\t\t\t\t<div class=\"elementor-element elementor-element-55acf93 elementor-widget elementor-widget-image\" data-id=\"55acf93\" data-element_type=\"widget\" data-widget_type=\"image.default\">\n\t\t\t\t<div class=\"elementor-widget-container\">\n\t\t\t\t\t\t\t\t<div class=\"elementor-image\">\n\t\t\t\t\t\t\t\t\t\t\t\t<img width=\"768\" height=\"513\" src=\"https:\/\/intrain.app\/wordpress\/wp-content\/uploads\/2021\/04\/alliance-football-club-soszdS3pJH8-unsplash-1800x1200-2-768x513.jpg\" class=\"attachment-medium_large size-medium_large\" alt=\"\" loading=\"lazy\" srcset=\"https:\/\/intrain.app\/wordpress\/wp-content\/uploads\/2021\/04\/alliance-football-club-soszdS3pJH8-unsplash-1800x1200-2-768x513.jpg 768w, https:\/\/intrain.app\/wordpress\/wp-content\/uploads\/2021\/04\/alliance-football-club-soszdS3pJH8-unsplash-1800x1200-2-300x200.jpg 300w, https:\/\/intrain.app\/wordpress\/wp-content\/uploads\/2021\/04\/alliance-football-club-soszdS3pJH8-unsplash-1800x1200-2-1024x684.jpg 1024w, https:\/\/intrain.app\/wordpress\/wp-content\/uploads\/2021\/04\/alliance-football-club-soszdS3pJH8-unsplash-1800x1200-2-1536x1026.jpg 1536w, https:\/\/intrain.app\/wordpress\/wp-content\/uploads\/2021\/04\/alliance-football-club-soszdS3pJH8-unsplash-1800x1200-2.jpg 1800w\" sizes=\"(max-width: 768px) 100vw, 768px\" \/>\t\t\t\t\t\t\t\t\t\t\t\t\t\t<\/div>\n\t\t\t\t\t\t<\/div>\n\t\t\t\t<\/div>\n\t\t\t\t<div class=\"elementor-element elementor-element-05d3981 elementor-widget elementor-widget-text-editor\" data-id=\"05d3981\" data-element_type=\"widget\" data-widget_type=\"text-editor.default\">\n\t\t\t\t<div class=\"elementor-widget-container\">\n\t\t\t\t\t\t\t\t<div class=\"elementor-text-editor elementor-clearfix\">\n\t\t\t\tegyes\u00fcletek\t\t\t\t\t<\/div>\n\t\t\t\t\t\t<\/div>\n\t\t\t\t<\/div>\n\t\t\t\t<div class=\"elementor-element elementor-element-5e0e740 elementor-widget elementor-widget-text-editor\" data-id=\"5e0e740\" data-element_type=\"widget\" data-widget_type=\"text-editor.default\">\n\t\t\t\t<div class=\"elementor-widget-container\">\n\t\t\t\t\t\t\t\t<div class=\"elementor-text-editor elementor-clearfix\">\n\t\t\t\tEgy egyes\u00fclet k\u00e9pvisel\u0151jek\u00e9nt csak regisztr\u00e1lni kell az egyes\u00fcletet \u00e9s \u00f6sszekapcsol\u00f3dni az egyes\u00fclet edz\u0151ivel. Att\u00f3l kezdve minden adat automatikusan el\u00e9rhet\u0151 struktur\u00e1ltan \u00e9s napra k\u00e9szen: jelenl\u00e9ti \u00edvek, statisztik\u00e1k, csapat \u00e9s j\u00e1t\u00e9kos profilok, stb.<br>Ennyire egyszer\u0171.\t\t\t\t\t<\/div>\n\t\t\t\t\t\t<\/div>\n\t\t\t\t<\/div>\n\t\t\t\t<div class=\"elementor-element elementor-element-4f8b44c elementor-align-center elementor-widget elementor-widget-button\" data-id=\"4f8b44c\" data-element_type=\"widget\" data-widget_type=\"button.default\">\n\t\t\t\t<div class=\"elementor-widget-container\">\n\t\t\t\t\t<div class=\"elementor-button-wrapper\">\n\t\t\t<a href=\"\/wordpress\/hu\/egyesuleteknek\/\" class=\"elementor-button-link elementor-button elementor-size-sm\" role=\"button\">\n\t\t\t\t\t\t<span class=\"elementor-button-content-wrapper\">\n\t\t\t\t\t\t<span class=\"elementor-button-text\">Olvass tov\u00e1bb...<\/span>\n\t\t<\/span>\n\t\t\t\t\t<\/a>\n\t\t<\/div>\n\t\t\t\t<\/div>\n\t\t\t\t<\/div>\n\t\t\t\t\t\t<\/div>\n\t\t\t\t\t<\/div>\n\t\t<\/div>\n\t\t\t\t\t\t\t\t<\/div>\n\t\t\t\t\t<\/div>\n\t\t<\/section>\n\t\t\t\t\t\t\t\t\t<\/div>\n\t\t\t<\/div>\n\t\t\t\t\t<\/div>\n\t\t","protected":false},"excerpt":{"rendered":"<p>sz\u00fcl\u0151k Az Intrain alkalmaz\u00e1s nagyszer\u0171 a sz\u00fcl\u0151k sz\u00e1m\u00e1ra, hiszen egy olyan digit\u00e1lis jegyzetf\u00fczetet kapnak, melyben a gyerekeik \u00f6sszes sporttal kapcsolatos dolgait megtal\u00e1lj\u00e1k: esem\u00e9nyek menetrendje, teljes\u00edtm\u00e9ny-visszajelz\u00e9sek, \u00fczenetv\u00e1lt\u00e1s az edz\u0151kkel, stb. Mindez egy helyen. Olvass tov\u00e1bb&#8230; edz\u0151kAz edz\u0151k nagyszer\u0171ek a sportol\u00f3ik fejl\u0151d\u00e9s\u00e9nek k\u00f6vet\u00e9s\u00e9ben, \u00e9s ez az, ami lelkes\u00edti \u0151ket. Az Intrain alkalmaz\u00e1st haszn\u00e1lva teljes m\u00e9rt\u00e9kben a tehets\u00e9ges &hellip;<\/p>\n<p class=\"read-more\"> <a class=\"\" href=\"https:\/\/intrain.app\/wordpress\/hu\/nyitolap\/\"> <span class=\"screen-reader-text\">Home<\/span> Read More &raquo;<\/a><\/p>\n","protected":false},"author":1,"featured_media":0,"parent":0,"menu_order":0,"comment_status":"closed","ping_status":"closed","template":"","meta":[],"acf":[],"_links":{"self":[{"href":"https:\/\/intrain.app\/wordpress\/wp-json\/wp\/v2\/pages\/9768"}],"collection":[{"href":"https:\/\/intrain.app\/wordpress\/wp-json\/wp\/v2\/pages"}],"about":[{"href":"https:\/\/intrain.app\/wordpress\/wp-json\/wp\/v2\/types\/page"}],"author":[{"embeddable":true,"href":"https:\/\/intrain.app\/wordpress\/wp-json\/wp\/v2\/users\/1"}],"replies":[{"embeddable":true,"href":"https:\/\/intrain.app\/wordpress\/wp-json\/wp\/v2\/comments?post=9768"}],"version-history":[{"count":80,"href":"https:\/\/intrain.app\/wordpress\/wp-json\/wp\/v2\/pages\/9768\/revisions"}],"predecessor-version":[{"id":11663,"href":"https:\/\/intrain.app\/wordpress\/wp-json\/wp\/v2\/pages\/9768\/revisions\/11663"}],"wp:attachment":[{"href":"https:\/\/intrain.app\/wordpress\/wp-json\/wp\/v2\/media?parent=9768"}],"curies":[{"name":"wp","href":"https:\/\/api.w.org\/{rel}","templated":true}]}}